{"id":18,"date":"2026-03-04T18:26:38","date_gmt":"2026-03-04T15:26:38","guid":{"rendered":"https:\/\/www.afiyetburada.com\/index.php\/services\/"},"modified":"2026-03-04T18:26:38","modified_gmt":"2026-03-04T15:26:38","slug":"services","status":"publish","type":"page","link":"https:\/\/www.afiyetburada.com\/index.php\/services\/","title":{"rendered":"Services"},"content":{"rendered":"\n<div class=\"wp-block-uagb-container uagb-block-b6c6af1c alignfull uagb-is-root-container\"><div class=\"uagb-container-inner-blocks-wrap\">\n<div class=\"wp-block-uagb-advanced-heading uagb-block-323b3e55\"><div class=\"uagb-separator\"><\/div><h1 class=\"uagb-heading-text\">Hizmetlerimiz<\/h1><p class=\"uagb-desc-text\">Do\u011fal ve Organik \u00dcr\u00fcnler Sunuyoruz<\/p><\/div>\n<\/div><\/div>\n\n\n\n<div class=\"wp-block-uagb-container uagb-block-d3ba2f97 alignfull uagb-is-root-container\"><div class=\"uagb-container-inner-blocks-wrap\">\n<div class=\"wp-block-uagb-container uagb-block-8aa511ef\">\n<div class=\"wp-block-uagb-image uagb-block-670ae18e wp-block-uagb-image--layout-default wp-block-uagb-image--effect-static wp-block-uagb-image--align-none\"><figure class=\"wp-block-uagb-image__figure\"><img decoding=\"async\" srcset=\"https:\/\/multipurpose26.ziptemplates.top\/wp-content\/uploads\/2024\/05\/services-01.jpg ,https:\/\/multipurpose26.ziptemplates.top\/wp-content\/uploads\/2024\/05\/services-01.jpg 780w, https:\/\/multipurpose26.ziptemplates.top\/wp-content\/uploads\/2024\/05\/services-01.jpg 360w\" sizes=\"auto, (max-width: 480px) 150px\" src=\"https:\/\/multipurpose26.ziptemplates.top\/wp-content\/uploads\/2024\/05\/services-01.jpg\" alt=\"Services 01\" class=\"uag-image-78\" width=\"500\" height=\"300\" title=\"services-01\" loading=\"lazy\" role=\"img\"><\/figure><\/div>\n\n\n\n<div class=\"wp-block-uagb-info-box uagb-block-dfa51bfd uagb-infobox__content-wrap  uagb-infobox-icon-above-title uagb-infobox-image-valign-top\"><div class=\"uagb-ifb-content\"><div class=\"uagb-ifb-title-wrap\"><span class=\"uagb-ifb-title-prefix\">01.<\/span><h2 class=\"uagb-ifb-title\">Yerel Lezzetler<\/h2><\/div><div class=\"uagb-ifb-separator\"><\/div><p class=\"uagb-ifb-desc\">Afiyet Burada, T\u00fcrkiye&#8217;nin d\u00f6rt bir yan\u0131ndan derlenen organik ve do\u011fal g\u0131da \u00fcr\u00fcnlerini sunarak, t\u00fcketicilere sa\u011fl\u0131kl\u0131 ve lezzetli se\u00e7enekler sunmay\u0131 ama\u00e7lamaktad\u0131r. Bal, ya\u011f ve ge\u00e7erli kremlerle, kullan\u0131c\u0131lar\u0131m\u0131z\u0131n damak tad\u0131n\u0131 \u015f\u0131mart\u0131yoruz.<\/p><\/div><\/div>\n<\/div>\n\n\n\n<div class=\"wp-block-uagb-container uagb-block-0882eef6\">\n<div class=\"wp-block-uagb-image uagb-block-9a36b508 wp-block-uagb-image--layout-default wp-block-uagb-image--effect-static wp-block-uagb-image--align-none\"><figure class=\"wp-block-uagb-image__figure\"><img decoding=\"async\" srcset=\"https:\/\/multipurpose26.ziptemplates.top\/wp-content\/uploads\/2024\/05\/services-02.jpg ,https:\/\/multipurpose26.ziptemplates.top\/wp-content\/uploads\/2024\/05\/services-02.jpg 780w, https:\/\/multipurpose26.ziptemplates.top\/wp-content\/uploads\/2024\/05\/services-02.jpg 360w\" sizes=\"auto, (max-width: 480px) 150px\" src=\"https:\/\/multipurpose26.ziptemplates.top\/wp-content\/uploads\/2024\/05\/services-02.jpg\" alt=\"Services 02\" class=\"uag-image-79\" width=\"500\" height=\"300\" title=\"services-02\" loading=\"lazy\" role=\"img\"><\/figure><\/div>\n\n\n\n<div class=\"wp-block-uagb-info-box uagb-block-2f2beea1 uagb-infobox__content-wrap  uagb-infobox-icon-above-title uagb-infobox-image-valign-top\"><div class=\"uagb-ifb-content\"><div class=\"uagb-ifb-title-wrap\"><span class=\"uagb-ifb-title-prefix\">02.<\/span><h2 class=\"uagb-ifb-title\">H\u0131zl\u0131 Teslimat<\/h2><\/div><div class=\"uagb-ifb-separator\"><\/div><p class=\"uagb-ifb-desc\">Afiyet Burada, taze ve organik g\u0131da \u00fcr\u00fcnlerinizi en k\u0131sa s\u00fcrede kap\u0131n\u0131za ula\u015ft\u0131rmay\u0131 taahh\u00fct etmektedir. Etkili lojistik a\u011f\u0131m\u0131z sayesinde, sipari\u015flerinizi h\u0131zl\u0131, g\u00fcvenilir bir \u015fekilde alacak ve hemen kullanabileceksiniz.<\/p><\/div><\/div>\n<\/div>\n\n\n\n<div class=\"wp-block-uagb-container uagb-block-1a6408c5\">\n<div class=\"wp-block-uagb-image uagb-block-a4e98c1f wp-block-uagb-image--layout-default wp-block-uagb-image--effect-static wp-block-uagb-image--align-none\"><figure class=\"wp-block-uagb-image__figure\"><img decoding=\"async\" srcset=\"https:\/\/multipurpose26.ziptemplates.top\/wp-content\/uploads\/2024\/05\/services-03.jpg ,https:\/\/multipurpose26.ziptemplates.top\/wp-content\/uploads\/2024\/05\/services-03.jpg 780w, https:\/\/multipurpose26.ziptemplates.top\/wp-content\/uploads\/2024\/05\/services-03.jpg 360w\" sizes=\"auto, (max-width: 480px) 150px\" src=\"https:\/\/multipurpose26.ziptemplates.top\/wp-content\/uploads\/2024\/05\/services-03.jpg\" alt=\"Services 03\" class=\"uag-image-80\" width=\"500\" height=\"300\" title=\"services-03\" loading=\"lazy\" role=\"img\"><\/figure><\/div>\n\n\n\n<div class=\"wp-block-uagb-info-box uagb-block-4b7e7cf8 uagb-infobox__content-wrap  uagb-infobox-icon-above-title uagb-infobox-image-valign-top\"><div class=\"uagb-ifb-content\"><div class=\"uagb-ifb-title-wrap\"><span class=\"uagb-ifb-title-prefix\">03.<\/span><h2 class=\"uagb-ifb-title\">Bayiler \u0130\u00e7in Portal<\/h2><\/div><div class=\"uagb-ifb-separator\"><\/div><p class=\"uagb-ifb-desc\">Afiyet Burada, bayilerinin i\u015flerini daha verimli y\u00f6netmeleri i\u00e7in \u00f6zel bir portal sunmaktad\u0131r. Bu portal sayesinde \u00fcr\u00fcn giri\u015f ve \u00e7\u0131k\u0131\u015flar\u0131n\u0131 kolayca takip edebilir, sipari\u015fler olu\u015fturabilirler. B\u00f6ylece, i\u015f s\u00fcre\u00e7lerini h\u0131zland\u0131rarak, zaman ve kaynak tasarrufu sa\u011flanmaktad\u0131r.<\/p><\/div><\/div>\n<\/div>\n\n\n\n<div class=\"wp-block-uagb-container uagb-block-4c354b31\">\n<div class=\"wp-block-uagb-image uagb-block-97eefb4c wp-block-uagb-image--layout-default wp-block-uagb-image--effect-static wp-block-uagb-image--align-none\"><figure class=\"wp-block-uagb-image__figure\"><img decoding=\"async\" srcset=\"https:\/\/multipurpose26.ziptemplates.top\/wp-content\/uploads\/2024\/05\/services-04.jpg ,https:\/\/multipurpose26.ziptemplates.top\/wp-content\/uploads\/2024\/05\/services-04.jpg 780w, https:\/\/multipurpose26.ziptemplates.top\/wp-content\/uploads\/2024\/05\/services-04.jpg 360w\" sizes=\"auto, (max-width: 480px) 150px\" src=\"https:\/\/multipurpose26.ziptemplates.top\/wp-content\/uploads\/2024\/05\/services-04.jpg\" alt=\"Services 04\" class=\"uag-image-81\" width=\"500\" height=\"300\" title=\"services-04\" loading=\"lazy\" role=\"img\"><\/figure><\/div>\n\n\n\n<div class=\"wp-block-uagb-info-box uagb-block-be67d1aa uagb-infobox__content-wrap  uagb-infobox-icon-above-title uagb-infobox-image-valign-top\"><div class=\"uagb-ifb-content\"><div class=\"uagb-ifb-title-wrap\"><span class=\"uagb-ifb-title-prefix\">04.<\/span><h2 class=\"uagb-ifb-title\">M\u00fc\u015fteri Destek<\/h2><\/div><div class=\"uagb-ifb-separator\"><\/div><p class=\"uagb-ifb-desc\">M\u00fc\u015fteri destek ekibimiz, her t\u00fcrl\u00fc soru ve probleminizde size yard\u0131mc\u0131 olmaktad\u0131r. Afiyet Burada, kullan\u0131c\u0131 memnuniyetini \u00f6n planda tutarak, do\u011frudan ileti\u015fim ve \u00e7\u00f6z\u00fcm odakl\u0131 yakla\u015f\u0131m\u0131yla hizmet vermektedir.<\/p><\/div><\/div>\n<\/div>\n<\/div><\/div>\n\n\n\n<div class=\"wp-block-uagb-container uagb-block-466b351f alignfull uagb-is-root-container\"><div class=\"uagb-container-inner-blocks-wrap\">\n<div class=\"wp-block-uagb-advanced-heading uagb-block-a5d004a0\"><h2 class=\"uagb-heading-text\">Hizmetlerimiz Nas\u0131l \u0130\u015fliyor?<\/h2><div class=\"uagb-separator\"><\/div><\/div>\n\n\n\n<div class=\"wp-block-uagb-container uagb-block-e6163eaa\">\n<div class=\"wp-block-uagb-info-box uagb-block-5e42581f uagb-infobox__content-wrap  uagb-infobox-icon-above-title uagb-infobox-image-valign-top\"><div class=\"uagb-ifb-content\"><div class=\"uagb-ifb-title-wrap\"><span class=\"uagb-ifb-title-prefix\">01<\/span><h3 class=\"uagb-ifb-title\">\u00dcr\u00fcn Se\u00e7imi<\/h3><\/div><p class=\"uagb-ifb-desc\">Web sitemizden istedi\u011finiz do\u011fal \u00fcr\u00fcnleri se\u00e7erek, sepetinize ekleyin ve sipari\u015finizi olu\u015fturun.<\/p><\/div><\/div>\n\n\n\n<div class=\"wp-block-uagb-info-box uagb-block-ecab534c uagb-infobox__content-wrap  uagb-infobox-icon-above-title uagb-infobox-image-valign-top\"><div class=\"uagb-ifb-content\"><div class=\"uagb-ifb-title-wrap\"><span class=\"uagb-ifb-title-prefix\">02<\/span><h3 class=\"uagb-ifb-title\">\u00d6deme<\/h3><\/div><p class=\"uagb-ifb-desc\">\u00c7e\u015fitli \u00f6deme y\u00f6ntemleriyle kolayca \u00f6demenizi tamamlayarak, sipari\u015finizi g\u00fcvence alt\u0131na al\u0131n.<\/p><\/div><\/div>\n\n\n\n<div class=\"wp-block-uagb-info-box uagb-block-68e4a679 uagb-infobox__content-wrap  uagb-infobox-icon-above-title uagb-infobox-image-valign-top\"><div class=\"uagb-ifb-content\"><div class=\"uagb-ifb-title-wrap\"><span class=\"uagb-ifb-title-prefix\">03<\/span><h3 class=\"uagb-ifb-title\">Teslimat<\/h3><\/div><p class=\"uagb-ifb-desc\">Sipari\u015finiz, h\u0131zl\u0131 ve g\u00fcvenilir bir \u015fekilde adresinize ula\u015ft\u0131r\u0131l\u0131r, taze \u00fcr\u00fcnlerin keyfini \u00e7\u0131karabilirsiniz.<\/p><\/div><\/div>\n<\/div>\n<\/div><\/div>\n\n\n\n<div class=\"wp-block-uagb-container uagb-block-c584b42a default uagb-is-root-container\">\n<div class=\"wp-block-uagb-info-box uagb-block-ffe5d344 uagb-infobox__content-wrap  uagb-infobox-icon-above-title uagb-infobox-image-valign-top wp-block-uagb-info-box--has-margin\"><div class=\"uagb-infobox-margin-wrapper\"><div class=\"uagb-ifb-content\"><div class=\"uagb-ifb-title-wrap\"><div class=\"uagb-ifb-separator\"><\/div><h2 class=\"uagb-ifb-title\">Sa\u011fl\u0131kl\u0131 ve Do\u011fal \u00dcr\u00fcnler \u0130\u00e7in Bize Kat\u0131l\u0131n<\/h2><\/div><p class=\"uagb-ifb-desc\">En iyi yerel ve organik \u00fcr\u00fcnleri almak i\u00e7in hemen harekete ge\u00e7in, sa\u011fl\u0131kl\u0131 ya\u015fam tarz\u0131n\u0131za ad\u0131m at\u0131n.<\/p><div class=\"uagb-ifb-button-wrapper wp-block-button\"><a href=\"\/index.php\/magaza\/\" class=\"uagb-infobox-cta-link wp-block-button__link\" target=\"_self\" rel=\"noopener noreferrer\" onclick=\"return true;\"><span class=\"uagb-inline-editing\">Al\u0131\u015fveri\u015fe Ba\u015fla<\/span><\/a><\/div><\/div><\/div><\/div>\n<\/div>\n","protected":false},"excerpt":{"rendered":"<p>Hizmetlerimiz Do\u011fal ve Organik \u00dcr\u00fcnler Sunuyoruz Hizmetlerimiz Nas\u0131l \u0130\u015fliyor?<\/p>\n","protected":false},"author":1,"featured_media":0,"parent":0,"menu_order":0,"comment_status":"closed","ping_status":"closed","template":"","meta":{"_uag_custom_page_level_css":"","site-sidebar-layout":"default","site-content-layout":"","ast-site-content-layout":"default","site-content-style":"default","site-sidebar-style":"default","ast-global-header-display":"","ast-banner-title-visibility":"","ast-main-header-display":"","ast-hfb-above-header-display":"","ast-hfb-below-header-display":"","ast-hfb-mobile-header-display":"","site-post-title":"disabled","ast-breadcrumbs-content":"","ast-featured-img":"","footer-sml-layout":"","ast-disable-related-posts":"","theme-transparent-header-meta":"","adv-header-id-meta":"","stick-header-meta":"","header-above-stick-meta":"","header-main-stick-meta":"","header-below-stick-meta":"","astra-migrate-meta-layouts":"default","ast-page-background-enabled":"default","ast-page-background-meta":{"desktop":{"background-color":"var(--ast-global-color-4)","background-image":"","background-repeat":"repeat","background-position":"center center","background-size":"auto","background-attachment":"scroll","background-type":"","background-media":"","overlay-type":"","overlay-color":"","overlay-opacity":"","overlay-gradient":""},"tablet":{"background-color":"","background-image":"","background-repeat":"repeat","background-position":"center center","background-size":"auto","background-attachment":"scroll","background-type":"","background-media":"","overlay-type":"","overlay-color":"","overlay-opacity":"","overlay-gradient":""},"mobile":{"background-color":"","background-image":"","background-repeat":"repeat","background-position":"center center","background-size":"auto","background-attachment":"scroll","background-type":"","background-media":"","overlay-type":"","overlay-color":"","overlay-opacity":"","overlay-gradient":""}},"ast-content-background-meta":{"desktop":{"background-color":"var(--ast-global-color-5)","background-image":"","background-repeat":"repeat","background-position":"center center","background-size":"auto","background-attachment":"scroll","background-type":"","background-media":"","overlay-type":"","overlay-color":"","overlay-opacity":"","overlay-gradient":""},"tablet":{"background-color":"var(--ast-global-color-5)","background-image":"","background-repeat":"repeat","background-position":"center center","background-size":"auto","background-attachment":"scroll","background-type":"","background-media":"","overlay-type":"","overlay-color":"","overlay-opacity":"","overlay-gradient":""},"mobile":{"background-color":"var(--ast-global-color-5)","background-image":"","background-repeat":"repeat","background-position":"center center","background-size":"auto","background-attachment":"scroll","background-type":"","background-media":"","overlay-type":"","overlay-color":"","overlay-opacity":"","overlay-gradient":""}},"footnotes":""},"class_list":["post-18","page","type-page","status-publish","hentry"],"uagb_featured_image_src":{"full":false,"thumbnail":false,"medium":false,"medium_large":false,"large":false,"1536x1536":false,"2048x2048":false,"woocommerce_thumbnail":false,"woocommerce_single":false,"woocommerce_gallery_thumbnail":false},"uagb_author_info":{"display_name":"admin","author_link":"https:\/\/www.afiyetburada.com\/index.php\/author\/admin\/"},"uagb_comment_info":0,"uagb_excerpt":"Hizmetlerimiz Do\u011fal ve Organik \u00dcr\u00fcnler Sunuyoruz Hizmetlerimiz Nas\u0131l \u0130\u015fliyor?","_links":{"self":[{"href":"https:\/\/www.afiyetburada.com\/index.php\/wp-json\/wp\/v2\/pages\/18","targetHints":{"allow":["GET"]}}],"collection":[{"href":"https:\/\/www.afiyetburada.com\/index.php\/wp-json\/wp\/v2\/pages"}],"about":[{"href":"https:\/\/www.afiyetburada.com\/index.php\/wp-json\/wp\/v2\/types\/page"}],"author":[{"embeddable":true,"href":"https:\/\/www.afiyetburada.com\/index.php\/wp-json\/wp\/v2\/users\/1"}],"replies":[{"embeddable":true,"href":"https:\/\/www.afiyetburada.com\/index.php\/wp-json\/wp\/v2\/comments?post=18"}],"version-history":[{"count":0,"href":"https:\/\/www.afiyetburada.com\/index.php\/wp-json\/wp\/v2\/pages\/18\/revisions"}],"wp:attachment":[{"href":"https:\/\/www.afiyetburada.com\/index.php\/wp-json\/wp\/v2\/media?parent=18"}],"curies":[{"name":"wp","href":"https:\/\/api.w.org\/{rel}","templated":true}]}}