{"id":16,"date":"2026-03-04T18:26:38","date_gmt":"2026-03-04T15:26:38","guid":{"rendered":"https:\/\/www.afiyetburada.com\/index.php\/about\/"},"modified":"2026-03-05T18:43:31","modified_gmt":"2026-03-05T15:43:31","slug":"about","status":"publish","type":"page","link":"https:\/\/www.afiyetburada.com\/index.php\/about\/","title":{"rendered":"Hakk\u0131m\u0131zda"},"content":{"rendered":"\n<div class=\"wp-block-uagb-container uagb-block-b6c6af1c alignfull uagb-is-root-container\"><div class=\"uagb-container-inner-blocks-wrap\">\n<div class=\"wp-block-uagb-advanced-heading uagb-block-323b3e55\"><div class=\"uagb-separator\"><\/div><h1 class=\"uagb-heading-text\">Do\u011fal Lezzetler<\/h1><p class=\"uagb-desc-text\">Afiyet Burada: Sa\u011fl\u0131kl\u0131 G\u0131da \u00dcr\u00fcnlerinin Adresi<\/p><\/div>\n<\/div><\/div>\n\n\n\n<div class=\"wp-block-uagb-container uagb-layout-grid uagb-block-09a2dff8 alignfull uagb-is-root-container\"><div class=\"uagb-container-inner-blocks-wrap\">\n<div class=\"wp-block-uagb-container uagb-block-92559a39\">\n<div class=\"wp-block-uagb-image uagb-block-642acdb2 wp-block-uagb-image--layout-default wp-block-uagb-image--effect-static wp-block-uagb-image--align-none uag-hide-tab uag-hide-mob\"><figure class=\"wp-block-uagb-image__figure\"><img decoding=\"async\" srcset=\"https:\/\/multipurpose26.ziptemplates.top\/wp-content\/uploads\/2024\/05\/about-us-01.jpg ,https:\/\/multipurpose26.ziptemplates.top\/wp-content\/uploads\/2024\/05\/about-us-01.jpg 780w, https:\/\/multipurpose26.ziptemplates.top\/wp-content\/uploads\/2024\/05\/about-us-01.jpg 360w\" sizes=\"auto, (max-width: 480px) 150px\" src=\"https:\/\/multipurpose26.ziptemplates.top\/wp-content\/uploads\/2024\/05\/about-us-01.jpg\" alt=\"About Us 01\" class=\"uag-image-73\" width=\"310\" height=\"500\" title=\"about-us-01\" loading=\"lazy\" role=\"img\"><\/figure><\/div>\n\n\n\n<div class=\"wp-block-uagb-image uagb-block-7a06ecd8 wp-block-uagb-image--layout-default wp-block-uagb-image--effect-static wp-block-uagb-image--align-none\"><figure class=\"wp-block-uagb-image__figure\"><img decoding=\"async\" srcset=\"https:\/\/multipurpose26.ziptemplates.top\/wp-content\/uploads\/2024\/05\/about-us-02.jpg ,https:\/\/multipurpose26.ziptemplates.top\/wp-content\/uploads\/2024\/05\/about-us-02.jpg 780w, https:\/\/multipurpose26.ziptemplates.top\/wp-content\/uploads\/2024\/05\/about-us-02.jpg 360w\" sizes=\"auto, (max-width: 480px) 150px\" src=\"https:\/\/multipurpose26.ziptemplates.top\/wp-content\/uploads\/2024\/05\/about-us-02.jpg\" alt=\"About Us 02\" class=\"uag-image-74\" width=\"310\" height=\"500\" title=\"about-us-02\" loading=\"lazy\" role=\"img\"><\/figure><\/div>\n<\/div>\n\n\n\n<div class=\"wp-block-uagb-info-box uagb-block-2f2beea1 uagb-infobox__content-wrap  uagb-infobox-icon-above-title uagb-infobox-image-valign-top\"><div class=\"uagb-ifb-content\"><div class=\"uagb-ifb-title-wrap\"><h2 class=\"uagb-ifb-title-prefix\">\u015eirketimiz Hakk\u0131nda<\/h2><div class=\"uagb-ifb-separator\"><\/div><p class=\"uagb-ifb-title\">Afiyet Burada, organik ve do\u011fal g\u0131da \u00fcr\u00fcnleriyle sa\u011fl\u0131kl\u0131 beslenmeye y\u00f6nelik \u00e7\u00f6z\u00fcmler sunarak, m\u00fc\u015fterilerine y\u00fcksek tat ve kalite deneyimi ya\u015fatmaktad\u0131r. Her zaman taze ve g\u00fcvenilir \u00fcr\u00fcnler sunmay\u0131 ilke edinmi\u015ftir.<\/p><\/div><p class=\"uagb-ifb-desc\">M\u00fc\u015fterilerimizin memnuniyetine odaklanarak, sa\u011fl\u0131kl\u0131 ve lezzetli \u00fcr\u00fcnlerimizi daha fazla ki\u015fiyle bulu\u015fturmay\u0131 ba\u015fard\u0131k.<\/p><\/div><\/div>\n<\/div><\/div>\n\n\n\n<div class=\"wp-block-uagb-container uagb-block-c584b42a default uagb-is-root-container\">\n<div class=\"wp-block-uagb-info-box uagb-block-ffe5d344 uagb-infobox__content-wrap  uagb-infobox-icon-above-title uagb-infobox-image-valign-top wp-block-uagb-info-box--has-margin\"><div class=\"uagb-infobox-margin-wrapper\"><div class=\"uagb-ifb-content\"><div class=\"uagb-ifb-title-wrap\"><div class=\"uagb-ifb-separator\"><\/div><h2 class=\"uagb-ifb-title\">Sa\u011fl\u0131kl\u0131 ve Do\u011fal \u00dcr\u00fcnler \u0130\u00e7in Bize Kat\u0131l\u0131n<\/h2><\/div><p class=\"uagb-ifb-desc\">En iyi yerel ve organik \u00fcr\u00fcnleri almak i\u00e7in hemen harekete ge\u00e7in, sa\u011fl\u0131kl\u0131 ya\u015fam tarz\u0131n\u0131za ad\u0131m at\u0131n.<\/p><div class=\"uagb-ifb-button-wrapper wp-block-button\"><a href=\"\/index.php\/magaza\/\" class=\"uagb-infobox-cta-link wp-block-button__link\" target=\"_self\" rel=\"noopener noreferrer\" onclick=\"return true;\"><span class=\"uagb-inline-editing\">Al\u0131\u015fveri\u015fe Ba\u015fla<\/span><\/a><\/div><\/div><\/div><\/div>\n<\/div>\n\n\n\n<div class=\"wp-block-uagb-container uagb-block-32cd69d1 alignfull uagb-is-root-container\"><div class=\"uagb-container-inner-blocks-wrap\"><\/div><\/div>\n","protected":false},"excerpt":{"rendered":"<p>Do\u011fal Lezzetler Afiyet Burada: Sa\u011fl\u0131kl\u0131 G\u0131da \u00dcr\u00fcnlerinin Adresi<\/p>\n","protected":false},"author":1,"featured_media":0,"parent":0,"menu_order":0,"comment_status":"closed","ping_status":"closed","template":"","meta":{"_uag_custom_page_level_css":"","site-sidebar-layout":"default","site-content-layout":"","ast-site-content-layout":"default","site-content-style":"default","site-sidebar-style":"default","ast-global-header-display":"","ast-banner-title-visibility":"","ast-main-header-display":"","ast-hfb-above-header-display":"","ast-hfb-below-header-display":"","ast-hfb-mobile-header-display":"","site-post-title":"disabled","ast-breadcrumbs-content":"","ast-featured-img":"","footer-sml-layout":"","ast-disable-related-posts":"","theme-transparent-header-meta":"","adv-header-id-meta":"","stick-header-meta":"","header-above-stick-meta":"","header-main-stick-meta":"","header-below-stick-meta":"","astra-migrate-meta-layouts":"default","ast-page-background-enabled":"default","ast-page-background-meta":{"desktop":{"background-color":"var(--ast-global-color-4)","background-image":"","background-repeat":"repeat","background-position":"center center","background-size":"auto","background-attachment":"scroll","background-type":"","background-media":"","overlay-type":"","overlay-color":"","overlay-opacity":"","overlay-gradient":""},"tablet":{"background-color":"","background-image":"","background-repeat":"repeat","background-position":"center center","background-size":"auto","background-attachment":"scroll","background-type":"","background-media":"","overlay-type":"","overlay-color":"","overlay-opacity":"","overlay-gradient":""},"mobile":{"background-color":"","background-image":"","background-repeat":"repeat","background-position":"center center","background-size":"auto","background-attachment":"scroll","background-type":"","background-media":"","overlay-type":"","overlay-color":"","overlay-opacity":"","overlay-gradient":""}},"ast-content-background-meta":{"desktop":{"background-color":"var(--ast-global-color-5)","background-image":"","background-repeat":"repeat","background-position":"center center","background-size":"auto","background-attachment":"scroll","background-type":"","background-media":"","overlay-type":"","overlay-color":"","overlay-opacity":"","overlay-gradient":""},"tablet":{"background-color":"var(--ast-global-color-5)","background-image":"","background-repeat":"repeat","background-position":"center center","background-size":"auto","background-attachment":"scroll","background-type":"","background-media":"","overlay-type":"","overlay-color":"","overlay-opacity":"","overlay-gradient":""},"mobile":{"background-color":"var(--ast-global-color-5)","background-image":"","background-repeat":"repeat","background-position":"center center","background-size":"auto","background-attachment":"scroll","background-type":"","background-media":"","overlay-type":"","overlay-color":"","overlay-opacity":"","overlay-gradient":""}},"footnotes":""},"class_list":["post-16","page","type-page","status-publish","hentry"],"uagb_featured_image_src":{"full":false,"thumbnail":false,"medium":false,"medium_large":false,"large":false,"1536x1536":false,"2048x2048":false,"woocommerce_thumbnail":false,"woocommerce_single":false,"woocommerce_gallery_thumbnail":false},"uagb_author_info":{"display_name":"admin","author_link":"https:\/\/www.afiyetburada.com\/index.php\/author\/admin\/"},"uagb_comment_info":0,"uagb_excerpt":"Do\u011fal Lezzetler Afiyet Burada: Sa\u011fl\u0131kl\u0131 G\u0131da \u00dcr\u00fcnlerinin Adresi","_links":{"self":[{"href":"https:\/\/www.afiyetburada.com\/index.php\/wp-json\/wp\/v2\/pages\/16","targetHints":{"allow":["GET"]}}],"collection":[{"href":"https:\/\/www.afiyetburada.com\/index.php\/wp-json\/wp\/v2\/pages"}],"about":[{"href":"https:\/\/www.afiyetburada.com\/index.php\/wp-json\/wp\/v2\/types\/page"}],"author":[{"embeddable":true,"href":"https:\/\/www.afiyetburada.com\/index.php\/wp-json\/wp\/v2\/users\/1"}],"replies":[{"embeddable":true,"href":"https:\/\/www.afiyetburada.com\/index.php\/wp-json\/wp\/v2\/comments?post=16"}],"version-history":[{"count":2,"href":"https:\/\/www.afiyetburada.com\/index.php\/wp-json\/wp\/v2\/pages\/16\/revisions"}],"predecessor-version":[{"id":326,"href":"https:\/\/www.afiyetburada.com\/index.php\/wp-json\/wp\/v2\/pages\/16\/revisions\/326"}],"wp:attachment":[{"href":"https:\/\/www.afiyetburada.com\/index.php\/wp-json\/wp\/v2\/media?parent=16"}],"curies":[{"name":"wp","href":"https:\/\/api.w.org\/{rel}","templated":true}]}}